{"id":208,"date":"2024-12-24T15:26:06","date_gmt":"2024-12-24T15:26:06","guid":{"rendered":"https:\/\/bacalar.checkstage.click\/?page_id=208"},"modified":"2025-01-23T16:11:46","modified_gmt":"2025-01-23T16:11:46","slug":"reglamento","status":"publish","type":"page","link":"https:\/\/bacalar.checkstage.click\/eng\/reglamento\/","title":{"rendered":"Rules"},"content":{"rendered":"<div data-elementor-type=\"wp-page\" data-elementor-id=\"208\" class=\"elementor elementor-208\" data-elementor-post-type=\"page\">\n\t\t\t\t<div class=\"elementor-element elementor-element-496e0a2b e-con-full e-flex e-con e-parent\" data-id=\"496e0a2b\" data-element_type=\"container\" data-e-type=\"container\" data-settings=\"{&quot;background_background&quot;:&quot;classic&quot;}\">\n\t\t\t\t<\/div>\n\t\t<div class=\"elementor-element elementor-element-2bd332fa e-flex e-con-boxed e-con e-parent\" data-id=\"2bd332fa\" data-element_type=\"container\" data-e-type=\"container\" data-settings=\"{&quot;background_background&quot;:&quot;classic&quot;}\">\n\t\t\t\t\t<div class=\"e-con-inner\">\n\t\t<div class=\"elementor-element elementor-element-15900c69 e-flex e-con-boxed e-con e-child\" data-id=\"15900c69\" data-element_type=\"container\" data-e-type=\"container\">\n\t\t\t\t\t<div class=\"e-con-inner\">\n\t\t<div class=\"elementor-element elementor-element-17cfb874 e-con-full e-flex e-con e-child\" data-id=\"17cfb874\" data-element_type=\"container\" data-e-type=\"container\" data-settings=\"{&quot;background_background&quot;:&quot;classic&quot;}\">\n\t\t\t\t<div class=\"elementor-element elementor-element-327ec4d7 elementor-widget elementor-widget-heading\" data-id=\"327ec4d7\" data-element_type=\"widget\" data-e-type=\"widget\" data-widget_type=\"heading.default\">\n\t\t\t\t<div class=\"elementor-widget-container\">\n\t\t\t\t\t<h2 class=\"elementor-heading-title elementor-size-default\">REGLAMENTO<\/h2>\t\t\t\t<\/div>\n\t\t\t\t<\/div>\n\t\t\t\t<\/div>\n\t\t\t\t\t<\/div>\n\t\t\t\t<\/div>\n\t\t\t\t\t<\/div>\n\t\t\t\t<\/div>\n\t\t<div class=\"elementor-element elementor-element-5413c5db e-con-full e-flex e-con e-parent\" data-id=\"5413c5db\" data-element_type=\"container\" data-e-type=\"container\" data-settings=\"{&quot;background_background&quot;:&quot;classic&quot;}\">\n\t\t<div class=\"elementor-element elementor-element-33b46fb0 e-flex e-con-boxed e-con e-child\" data-id=\"33b46fb0\" data-element_type=\"container\" data-e-type=\"container\">\n\t\t\t\t\t<div class=\"e-con-inner\">\n\t\t<div class=\"elementor-element elementor-element-18ca2e4d e-flex e-con-boxed e-con e-child\" data-id=\"18ca2e4d\" data-element_type=\"container\" data-e-type=\"container\">\n\t\t\t\t\t<div class=\"e-con-inner\">\n\t\t\t\t<div class=\"elementor-element elementor-element-4505a47d elementor-widget elementor-widget-heading\" data-id=\"4505a47d\" data-element_type=\"widget\" data-e-type=\"widget\" data-widget_type=\"heading.default\">\n\t\t\t\t<div class=\"elementor-widget-container\">\n\t\t\t\t\t<h2 class=\"elementor-heading-title elementor-size-default\">check-in\/check-out<\/h2>\t\t\t\t<\/div>\n\t\t\t\t<\/div>\n\t\t\t\t\t<\/div>\n\t\t\t\t<\/div>\n\t\t<div class=\"elementor-element elementor-element-51b7c0be e-flex e-con-boxed e-con e-child\" data-id=\"51b7c0be\" data-element_type=\"container\" data-e-type=\"container\">\n\t\t\t\t\t<div class=\"e-con-inner\">\n\t\t\t\t<div class=\"elementor-element elementor-element-4bf7df47 elementor-widget elementor-widget-text-editor\" data-id=\"4bf7df47\" data-element_type=\"widget\" data-e-type=\"widget\" data-widget_type=\"text-editor.default\">\n\t\t\t\t<div class=\"elementor-widget-container\">\n\t\t\t\t\t\t\t\t\t<ul><li>Check-in: 4:00 PM<\/li><li>Check-out: 11:00 AM<\/li><li>Quiet hours: 9:00 PM to 9:00 AM<br \/>Please avoid loud noises, loud music or conversations in outdoor areas, including the dock, during these hours.<\/li><\/ul>\t\t\t\t\t\t\t\t<\/div>\n\t\t\t\t<\/div>\n\t\t\t\t\t<\/div>\n\t\t\t\t<\/div>\n\t\t\t\t\t<\/div>\n\t\t\t\t<\/div>\n\t\t<div class=\"elementor-element elementor-element-6a6b1c72 e-flex e-con-boxed e-con e-child\" data-id=\"6a6b1c72\" data-element_type=\"container\" data-e-type=\"container\">\n\t\t\t\t\t<div class=\"e-con-inner\">\n\t\t<div class=\"elementor-element elementor-element-4075eddd e-flex e-con-boxed e-con e-child\" data-id=\"4075eddd\" data-element_type=\"container\" data-e-type=\"container\">\n\t\t\t\t\t<div class=\"e-con-inner\">\n\t\t\t\t<div class=\"elementor-element elementor-element-674be1ca elementor-widget elementor-widget-heading\" data-id=\"674be1ca\" data-element_type=\"widget\" data-e-type=\"widget\" data-widget_type=\"heading.default\">\n\t\t\t\t<div class=\"elementor-widget-container\">\n\t\t\t\t\t<h2 class=\"elementor-heading-title elementor-size-default\">General rules<\/h2>\t\t\t\t<\/div>\n\t\t\t\t<\/div>\n\t\t\t\t\t<\/div>\n\t\t\t\t<\/div>\n\t\t<div class=\"elementor-element elementor-element-5fbd2056 e-flex e-con-boxed e-con e-child\" data-id=\"5fbd2056\" data-element_type=\"container\" data-e-type=\"container\">\n\t\t\t\t\t<div class=\"e-con-inner\">\n\t\t\t\t<div class=\"elementor-element elementor-element-54eb65f2 elementor-widget elementor-widget-text-editor\" data-id=\"54eb65f2\" data-element_type=\"widget\" data-e-type=\"widget\" data-widget_type=\"text-editor.default\">\n\t\t\t\t<div class=\"elementor-widget-container\">\n\t\t\t\t\t\t\t\t\t<ul><li class=\"translation-block\"><strong>Using air conditioning:<\/strong> Turn off air conditioners when leaving the rooms and keep doors closed to prevent them from turning off automatically.<\/li><\/ul><ul><li class=\"translation-block\"><strong>Waste management:<\/strong><br>\u25cb Don't throw toilet paper into the toilet; use the baskets.<br>\u25cb Dispose of grease, oil and food scraps in a container before throwing them into the trash; do not pour them down the sink.<br>\u25cb If you use the dishwasher, rinse off any food scraps before loading it.<\/li><li><strong>Servicio de limpieza:<\/strong><br \/>\u25cb Estancias de m\u00e1s de tres noches incluyen limpieza b\u00e1sica cada tercer d\u00eda (hacer camas y vaciar botes de basura).<br \/>\u25cb Si prefieres no recibir este servicio, av\u00edsanos.<br \/>\u25cb La limpieza de la cocina no est\u00e1 incluida, a menos que contrates el servicio de chef.<\/li><li><strong>Consultas: <\/strong>Para el uso del jacuzzi, contacta a Bartolo.<\/li><\/ul><div>\u00a0<\/div><div>\u00a0<\/div>\t\t\t\t\t\t\t\t<\/div>\n\t\t\t\t<\/div>\n\t\t\t\t\t<\/div>\n\t\t\t\t<\/div>\n\t\t<div class=\"elementor-element elementor-element-422c23aa e-flex e-con-boxed e-con e-child\" data-id=\"422c23aa\" data-element_type=\"container\" data-e-type=\"container\">\n\t\t\t\t\t<div class=\"e-con-inner\">\n\t\t\t\t<div class=\"elementor-element elementor-element-4c707b20 elementor-widget elementor-widget-heading\" data-id=\"4c707b20\" data-element_type=\"widget\" data-e-type=\"widget\" data-widget_type=\"heading.default\">\n\t\t\t\t<div class=\"elementor-widget-container\">\n\t\t\t\t\t<h2 class=\"elementor-heading-title elementor-size-default\">Rules in the lagoon<\/h2>\t\t\t\t<\/div>\n\t\t\t\t<\/div>\n\t\t\t\t<div class=\"elementor-element elementor-element-4e561192 elementor-widget elementor-widget-text-editor\" data-id=\"4e561192\" data-element_type=\"widget\" data-e-type=\"widget\" data-widget_type=\"text-editor.default\">\n\t\t\t\t<div class=\"elementor-widget-container\">\n\t\t\t\t\t\t\t\t\t<p>For your safety and to protect this unique ecosystem:<\/p><ul><li>Always wear a life jacket.<\/li><li>Sail against the wind.<\/li><li>Supervise children at all times.<\/li><li>Anchor kayaks after use and use only designated dock accesses.<\/li><li>Do not swim if there is a thunderstorm.<\/li><li>If you cross to the other side of the lagoon, avoid walking on the muddy terrain and stay in the kayak. Caution: Activities in the lagoon are the sole responsibility of the guest. Always exercise caution and avoid entering the water without supervision or without knowing how to swim.<\/li><\/ul>\t\t\t\t\t\t\t\t<\/div>\n\t\t\t\t<\/div>\n\t\t\t\t\t<\/div>\n\t\t\t\t<\/div>\n\t\t\t\t\t<\/div>\n\t\t\t\t<\/div>\n\t\t<div class=\"elementor-element elementor-element-7266b654 e-flex e-con-boxed e-con e-child\" data-id=\"7266b654\" data-element_type=\"container\" data-e-type=\"container\">\n\t\t\t\t\t<div class=\"e-con-inner\">\n\t\t<div class=\"elementor-element elementor-element-443883a3 e-flex e-con-boxed e-con e-child\" data-id=\"443883a3\" data-element_type=\"container\" data-e-type=\"container\">\n\t\t\t\t\t<div class=\"e-con-inner\">\n\t\t\t\t<div class=\"elementor-element elementor-element-24e1bca0 elementor-widget elementor-widget-heading\" data-id=\"24e1bca0\" data-element_type=\"widget\" data-e-type=\"widget\" data-widget_type=\"heading.default\">\n\t\t\t\t<div class=\"elementor-widget-container\">\n\t\t\t\t\t<h2 class=\"elementor-heading-title elementor-size-default\">Wildlife<\/h2>\t\t\t\t<\/div>\n\t\t\t\t<\/div>\n\t\t\t\t\t<\/div>\n\t\t\t\t<\/div>\n\t\t<div class=\"elementor-element elementor-element-2850e788 e-flex e-con-boxed e-con e-child\" data-id=\"2850e788\" data-element_type=\"container\" data-e-type=\"container\">\n\t\t\t\t\t<div class=\"e-con-inner\">\n\t\t\t\t<div class=\"elementor-element elementor-element-5e0681c2 elementor-widget elementor-widget-text-editor\" data-id=\"5e0681c2\" data-element_type=\"widget\" data-e-type=\"widget\" data-widget_type=\"text-editor.default\">\n\t\t\t\t<div class=\"elementor-widget-container\">\n\t\t\t\t\t\t\t\t\t<p>Our property is in a protected area, home to diverse wildlife. Please follow these recommendations:<\/p><ul><li class=\"translation-block\"><b>Spider monkeys:<\/b> Do not feed them or try to touch them; keep your distance.<\/li><li class=\"translation-block\"><b>Scorpions and spiders:<\/b> Check clothing, shoes and beds before using them.<\/li><li class=\"translation-block\"><b>Crocodiles:<\/b> Avoid approaching water areas and keep your distance.<\/li><li class=\"translation-block\"><b>Snakes:<\/b> Watch where you walk and avoid areas with dry leaves.<\/li><\/ul><p>\u00a0<\/p><p>Respect the environment and avoid any direct interaction with animals to ensure your safety and the conservation of the ecosystem.<\/p><p>\u00a0<\/p>\t\t\t\t\t\t\t\t<\/div>\n\t\t\t\t<\/div>\n\t\t\t\t\t<\/div>\n\t\t\t\t<\/div>\n\t\t<div class=\"elementor-element elementor-element-427e1b8f e-con-full e-flex e-con e-child\" data-id=\"427e1b8f\" data-element_type=\"container\" data-e-type=\"container\">\n\t\t\t\t<div class=\"elementor-element elementor-element-28c995f2 elementor-widget elementor-widget-heading\" data-id=\"28c995f2\" data-element_type=\"widget\" data-e-type=\"widget\" data-widget_type=\"heading.default\">\n\t\t\t\t<div class=\"elementor-widget-container\">\n\t\t\t\t\t<h2 class=\"elementor-heading-title elementor-size-default\">Fractionation Rules<\/h2>\t\t\t\t<\/div>\n\t\t\t\t<\/div>\n\t\t\t\t<\/div>\n\t\t<div class=\"elementor-element elementor-element-2832a8bc e-flex e-con-boxed e-con e-child\" data-id=\"2832a8bc\" data-element_type=\"container\" data-e-type=\"container\">\n\t\t\t\t\t<div class=\"e-con-inner\">\n\t\t\t\t<div class=\"elementor-element elementor-element-431501af elementor-widget elementor-widget-text-editor\" data-id=\"431501af\" data-element_type=\"widget\" data-e-type=\"widget\" data-widget_type=\"text-editor.default\">\n\t\t\t\t<div class=\"elementor-widget-container\">\n\t\t\t\t\t\t\t\t\t<ul><li>Maximum speed: 40 km\/h.<\/li><li class=\"translation-block\">Access: The gate to the subdivision is open from <strong>7:00 AM to 7:00 PM. Please let us know if you arrive outside of these hours.<\/strong><\/li><\/ul><p>\u00a0<\/p><p>Complying with these rules helps us to ensure a safe, comfortable stay in harmony with the natural environment. Thank you for your cooperation!<\/p>\t\t\t\t\t\t\t\t<\/div>\n\t\t\t\t<\/div>\n\t\t\t\t\t<\/div>\n\t\t\t\t<\/div>\n\t\t\t\t\t<\/div>\n\t\t\t\t<\/div>\n\t\t\t\t<\/div>\n\t\t\t\t<\/div>","protected":false},"excerpt":{"rendered":"<p>REGLAMENTO check-in\/check-out Check-in: 4:00 PM Check-out: 11:00 AM Horario de silencio: 9:00 PM a 9:00 AMPor favor, evita ruidos fuertes, m\u00fasica a alto volumen o conversaciones en \u00e1reas exteriores, incluyendo el muelle, durante este horario. Normas generales Uso del aire acondicionado: Apaga los aires acondicionados al salir de las habitaciones y mant\u00e9n las puertas cerradas [&hellip;]<\/p>","protected":false},"author":1,"featured_media":0,"parent":0,"menu_order":0,"comment_status":"closed","ping_status":"closed","template":"","meta":{"footnotes":""},"class_list":["post-208","page","type-page","status-publish","hentry"],"_links":{"self":[{"href":"https:\/\/bacalar.checkstage.click\/eng\/wp-json\/wp\/v2\/pages\/208","targetHints":{"allow":["GET"]}}],"collection":[{"href":"https:\/\/bacalar.checkstage.click\/eng\/wp-json\/wp\/v2\/pages"}],"about":[{"href":"https:\/\/bacalar.checkstage.click\/eng\/wp-json\/wp\/v2\/types\/page"}],"author":[{"embeddable":true,"href":"https:\/\/bacalar.checkstage.click\/eng\/wp-json\/wp\/v2\/users\/1"}],"replies":[{"embeddable":true,"href":"https:\/\/bacalar.checkstage.click\/eng\/wp-json\/wp\/v2\/comments?post=208"}],"version-history":[{"count":28,"href":"https:\/\/bacalar.checkstage.click\/eng\/wp-json\/wp\/v2\/pages\/208\/revisions"}],"predecessor-version":[{"id":1043,"href":"https:\/\/bacalar.checkstage.click\/eng\/wp-json\/wp\/v2\/pages\/208\/revisions\/1043"}],"wp:attachment":[{"href":"https:\/\/bacalar.checkstage.click\/eng\/wp-json\/wp\/v2\/media?parent=208"}],"curies":[{"name":"wp","href":"https:\/\/api.w.org\/{rel}","templated":true}]}}